{"id":2669,"date":"2020-03-17T21:14:19","date_gmt":"2020-03-17T20:14:19","guid":{"rendered":"https:\/\/wellnesshotelzamecek.cz\/restaurant\/"},"modified":"2025-03-24T17:14:07","modified_gmt":"2025-03-24T16:14:07","slug":"restaurant","status":"publish","type":"page","link":"https:\/\/wellnesshotelzamecek.cz\/en\/restaurant\/","title":{"rendered":"Restaurant"},"content":{"rendered":"\t\t<div data-elementor-type=\"wp-page\" data-elementor-id=\"2669\" class=\"elementor elementor-2669 elementor-36\" data-elementor-post-type=\"page\">\n\t\t\t\t<div class=\"elementor-element elementor-element-39262b0 e-con-full e-flex e-con e-parent\" data-id=\"39262b0\" data-element_type=\"container\" data-e-type=\"container\">\n\t\t\t\t<div class=\"elementor-element elementor-element-353e7e10 elementor-cta--skin-cover elementor-widget elementor-widget-call-to-action\" data-id=\"353e7e10\" data-element_type=\"widget\" data-e-type=\"widget\" data-widget_type=\"call-to-action.default\">\n\t\t\t\t\t\t\t<div class=\"elementor-cta\">\n\t\t\t\t\t<div class=\"elementor-cta__bg-wrapper\">\n\t\t\t\t<div class=\"elementor-cta__bg elementor-bg\" style=\"background-image: url(https:\/\/wellnesshotelzamecek.cz\/wp-content\/uploads\/2025\/03\/DSCF8637-1024x683.jpg);\" role=\"img\" aria-label=\"DSCF8637\"><\/div>\n\t\t\t\t<div class=\"elementor-cta__bg-overlay\"><\/div>\n\t\t\t<\/div>\n\t\t\t\t\t\t\t<div class=\"elementor-cta__content\">\n\t\t\t\t\n\t\t\t\t\t\t\t\t\t<h2 class=\"elementor-cta__title elementor-cta__content-item elementor-content-item\">\n\t\t\t\t\t\tRestaurant Z\u00e1me\u010dek\t\t\t\t\t<\/h2>\n\t\t\t\t\n\t\t\t\t\t\t\t\t\t<div class=\"elementor-cta__description elementor-cta__content-item elementor-content-item\">\n\t\t\t\t\t\tDelicious food made with local fresh ingredients\t\t\t\t\t<\/div>\n\t\t\t\t\n\t\t\t\t\t\t\t\t\t<div class=\"elementor-cta__button-wrapper elementor-cta__content-item elementor-content-item \">\n\t\t\t\t\t<a class=\"elementor-cta__button elementor-button elementor-size-\" href=\"#menu\">\n\t\t\t\t\t\tGo to menu\t\t\t\t\t<\/a>\n\t\t\t\t\t<\/div>\n\t\t\t\t\t\t\t<\/div>\n\t\t\t\t\t\t<\/div>\n\t\t\t\t\t\t<\/div>\n\t\t\t\t<\/div>\n\t\t<div class=\"elementor-element elementor-element-66fad51d e-flex e-con-boxed e-con e-parent\" data-id=\"66fad51d\" data-element_type=\"container\" data-e-type=\"container\">\n\t\t\t\t\t<div class=\"e-con-inner\">\n\t\t\t\t<div class=\"elementor-element elementor-element-67563bc elementor-widget elementor-widget-text-editor\" data-id=\"67563bc\" data-element_type=\"widget\" data-e-type=\"widget\" data-widget_type=\"text-editor.default\">\n\t\t\t\t\t\t\t\t\t<p class=\"p1\">Our hotel restaurant is located in three interconnecting rooms on the ground floor of the main castle building, one of which serves as a lounge for evening gatherings or corporate events. The restaurant is complemented by a spacious outdoor terrace <strong>with a view of the Bohemian Switzerland landscape<\/strong> &#8211; an ideal place to watch deer and roe deer at the turn of summer and autumn.<\/p><p class=\"p1\">Unique gastronomy is based on <strong>quality ingredients from local farmers<\/strong>, which chef Milo\u0161 Dan\u011bk transforms into taste and visual experiences, in the spirit of the motto <strong>&#8220;Czech Switzerland with all the senses&#8221;.<\/strong> We welcome hotel guests, visitors and locals to enjoy our seasonal food offer, Falken\u0161tejn and Konr\u00e1d beers, Tibor Zapletal wines and other delicacies together with our smiling staff.<\/p>\t\t\t\t\t\t\t\t<\/div>\n\t\t<div class=\"elementor-element elementor-element-403f2806 e-con-full e-flex e-con e-child\" data-id=\"403f2806\" data-element_type=\"container\" data-e-type=\"container\">\n\t\t\t\t<div class=\"elementor-element elementor-element-57b60856 elementor-arrows-position-outside elementor-pagination-position-outside elementor-widget elementor-widget-image-carousel\" data-id=\"57b60856\" data-element_type=\"widget\" data-e-type=\"widget\" data-settings=\"{&quot;slides_to_show&quot;:&quot;1&quot;,&quot;navigation&quot;:&quot;both&quot;,&quot;autoplay&quot;:&quot;yes&quot;,&quot;pause_on_hover&quot;:&quot;yes&quot;,&quot;pause_on_interaction&quot;:&quot;yes&quot;,&quot;autoplay_speed&quot;:5000,&quot;infinite&quot;:&quot;yes&quot;,&quot;effect&quot;:&quot;slide&quot;,&quot;speed&quot;:500}\" data-widget_type=\"image-carousel.default\">\n\t\t\t\t\t\t\t<div class=\"elementor-image-carousel-wrapper swiper\" role=\"region\" aria-roledescription=\"carousel\" aria-label=\"Obr\u00e1zkov\u00fd koloto\u010d\" dir=\"ltr\">\n\t\t\t<div class=\"elementor-image-carousel swiper-wrapper\" aria-live=\"off\">\n\t\t\t\t\t\t\t\t<div class=\"swiper-slide\" role=\"group\" aria-roledescription=\"slide\" aria-label=\"1 of 12\"><figure class=\"swiper-slide-inner\"><img decoding=\"async\" class=\"swiper-slide-image\" src=\"https:\/\/wellnesshotelzamecek.cz\/wp-content\/uploads\/2025\/03\/ALA_9078-Edit-768x512.jpg\" alt=\"ALA_9078-Edit\" \/><\/figure><\/div><div class=\"swiper-slide\" role=\"group\" aria-roledescription=\"slide\" aria-label=\"2 of 12\"><figure class=\"swiper-slide-inner\"><img decoding=\"async\" class=\"swiper-slide-image\" src=\"https:\/\/wellnesshotelzamecek.cz\/wp-content\/uploads\/2025\/03\/ALA_9389-768x512.jpg\" alt=\"ALA_9389\" \/><\/figure><\/div><div class=\"swiper-slide\" role=\"group\" aria-roledescription=\"slide\" aria-label=\"3 of 12\"><figure class=\"swiper-slide-inner\"><img decoding=\"async\" class=\"swiper-slide-image\" src=\"https:\/\/wellnesshotelzamecek.cz\/wp-content\/uploads\/2025\/03\/ALA_9630-768x512.jpg\" alt=\"ALA_9630\" \/><\/figure><\/div><div class=\"swiper-slide\" role=\"group\" aria-roledescription=\"slide\" aria-label=\"4 of 12\"><figure class=\"swiper-slide-inner\"><img decoding=\"async\" class=\"swiper-slide-image\" src=\"https:\/\/wellnesshotelzamecek.cz\/wp-content\/uploads\/2025\/03\/ALA_9613-768x512.jpg\" alt=\"ALA_9613\" \/><\/figure><\/div><div class=\"swiper-slide\" role=\"group\" aria-roledescription=\"slide\" aria-label=\"5 of 12\"><figure class=\"swiper-slide-inner\"><img decoding=\"async\" class=\"swiper-slide-image\" src=\"https:\/\/wellnesshotelzamecek.cz\/wp-content\/uploads\/2025\/03\/ALA_9608-768x512.jpg\" alt=\"ALA_9608\" \/><\/figure><\/div><div class=\"swiper-slide\" role=\"group\" aria-roledescription=\"slide\" aria-label=\"6 of 12\"><figure class=\"swiper-slide-inner\"><img decoding=\"async\" class=\"swiper-slide-image\" src=\"https:\/\/wellnesshotelzamecek.cz\/wp-content\/uploads\/2025\/03\/ALA_9263-Edit-Edit-768x512.jpg\" alt=\"ALA_9263-Edit-Edit\" \/><\/figure><\/div><div class=\"swiper-slide\" role=\"group\" aria-roledescription=\"slide\" aria-label=\"7 of 12\"><figure class=\"swiper-slide-inner\"><img decoding=\"async\" class=\"swiper-slide-image\" src=\"https:\/\/wellnesshotelzamecek.cz\/wp-content\/uploads\/2025\/03\/ALA_9272-Edit-Edit-768x512.jpg\" alt=\"ALA_9272-Edit-Edit\" \/><\/figure><\/div><div class=\"swiper-slide\" role=\"group\" aria-roledescription=\"slide\" aria-label=\"8 of 12\"><figure class=\"swiper-slide-inner\"><img decoding=\"async\" class=\"swiper-slide-image\" src=\"https:\/\/wellnesshotelzamecek.cz\/wp-content\/uploads\/2025\/03\/ALA_9303-Edit-Edit-768x512.jpg\" alt=\"ALA_9303-Edit-Edit\" \/><\/figure><\/div><div class=\"swiper-slide\" role=\"group\" aria-roledescription=\"slide\" aria-label=\"9 of 12\"><figure class=\"swiper-slide-inner\"><img decoding=\"async\" class=\"swiper-slide-image\" src=\"https:\/\/wellnesshotelzamecek.cz\/wp-content\/uploads\/2025\/03\/ALA_9115-Edit-768x512.jpg\" alt=\"ALA_9115-Edit\" \/><\/figure><\/div><div class=\"swiper-slide\" role=\"group\" aria-roledescription=\"slide\" aria-label=\"10 of 12\"><figure class=\"swiper-slide-inner\"><img decoding=\"async\" class=\"swiper-slide-image\" src=\"https:\/\/wellnesshotelzamecek.cz\/wp-content\/uploads\/2025\/03\/ALA_9101-768x512.jpg\" alt=\"ALA_9101\" \/><\/figure><\/div><div class=\"swiper-slide\" role=\"group\" aria-roledescription=\"slide\" aria-label=\"11 of 12\"><figure class=\"swiper-slide-inner\"><img decoding=\"async\" class=\"swiper-slide-image\" src=\"https:\/\/wellnesshotelzamecek.cz\/wp-content\/uploads\/2025\/03\/ALA_9083-768x512.jpg\" alt=\"ALA_9083\" \/><\/figure><\/div><div class=\"swiper-slide\" role=\"group\" aria-roledescription=\"slide\" aria-label=\"12 of 12\"><figure class=\"swiper-slide-inner\"><img decoding=\"async\" class=\"swiper-slide-image\" src=\"https:\/\/wellnesshotelzamecek.cz\/wp-content\/uploads\/2025\/03\/ALA_9078-Edit-768x512.jpg\" alt=\"ALA_9078-Edit\" \/><\/figure><\/div>\t\t\t<\/div>\n\t\t\t\t\t\t\t\t\t\t\t\t<div class=\"elementor-swiper-button elementor-swiper-button-prev\" role=\"button\" tabindex=\"0\">\n\t\t\t\t\t\t<svg xmlns=\"http:\/\/www.w3.org\/2000\/svg\" xmlns:svg=\"http:\/\/www.w3.org\/2000\/svg\" id=\"Layer_1\" x=\"0px\" y=\"0px\" width=\"65\" height=\"120\" viewBox=\"0 0 65 120\" xml:space=\"preserve\"><defs id=\"defs1039\"><\/defs><style type=\"text\/css\" id=\"style1030\">\t.st0{fill:none;stroke:#000000;stroke-width:2;stroke-miterlimit:10;}<\/style><g id=\"g1034\">\t<polyline class=\"st0\" points=\"57.5,110 7.5,60 57.5,10  \" id=\"polyline1032\"><\/polyline><\/g><\/svg>\t\t\t\t\t<\/div>\n\t\t\t\t\t<div class=\"elementor-swiper-button elementor-swiper-button-next\" role=\"button\" tabindex=\"0\">\n\t\t\t\t\t\t<svg xmlns=\"http:\/\/www.w3.org\/2000\/svg\" xmlns:xlink=\"http:\/\/www.w3.org\/1999\/xlink\" id=\"Layer_1\" x=\"0px\" y=\"0px\" width=\"65px\" height=\"120px\" viewBox=\"0 0 65 120\" style=\"enable-background:new 0 0 65 120;\" xml:space=\"preserve\"><style type=\"text\/css\">\t.st0{fill:none;stroke:#000000;stroke-width:2;stroke-miterlimit:10;}<\/style><g>\t<polyline class=\"st0\" points=\"9.5,10 59.5,60 9.5,110  \"><\/polyline><\/g><\/svg>\t\t\t\t\t<\/div>\n\t\t\t\t\n\t\t\t\t\t\t\t\t\t<div class=\"swiper-pagination\"><\/div>\n\t\t\t\t\t\t\t\t\t<\/div>\n\t\t\t\t\t\t<\/div>\n\t\t\t\t<\/div>\n\t\t\t\t\t<\/div>\n\t\t\t\t<\/div>\n\t\t<div class=\"elementor-element elementor-element-4588e123 elementor-hidden-desktop elementor-hidden-tablet elementor-hidden-mobile e-flex e-con-boxed e-con e-parent\" data-id=\"4588e123\" data-element_type=\"container\" data-e-type=\"container\">\n\t\t\t\t\t<div class=\"e-con-inner\">\n\t\t\t\t<div class=\"elementor-element elementor-element-2075d8b7 elementor-widget elementor-widget-menu-anchor\" data-id=\"2075d8b7\" data-element_type=\"widget\" data-e-type=\"widget\" data-widget_type=\"menu-anchor.default\">\n\t\t\t\t\t\t\t<div class=\"elementor-menu-anchor\" id=\"menu\"><\/div>\n\t\t\t\t\t\t<\/div>\n\t\t\t\t<div class=\"elementor-element elementor-element-ae0e5f4 elementor-widget elementor-widget-heading\" data-id=\"ae0e5f4\" data-element_type=\"widget\" data-e-type=\"widget\" data-widget_type=\"heading.default\">\n\t\t\t\t\t<h2 class=\"elementor-heading-title elementor-size-default\">Menu<\/h2>\t\t\t\t<\/div>\n\t\t\t\t<div class=\"elementor-element elementor-element-218e4ac2 elementor-grid-1 elementor-grid-tablet-2 elementor-grid-mobile-1 elementor-widget elementor-widget-loop-grid\" data-id=\"218e4ac2\" data-element_type=\"widget\" data-e-type=\"widget\" data-settings=\"{&quot;template_id&quot;:2781,&quot;columns&quot;:1,&quot;row_gap&quot;:{&quot;unit&quot;:&quot;px&quot;,&quot;size&quot;:0,&quot;sizes&quot;:[]},&quot;_skin&quot;:&quot;post&quot;,&quot;columns_tablet&quot;:&quot;2&quot;,&quot;columns_mobile&quot;:&quot;1&quot;,&quot;edit_handle_selector&quot;:&quot;[data-elementor-type=\\&quot;loop-item\\&quot;]&quot;,&quot;row_gap_tablet&quot;:{&quot;unit&quot;:&quot;px&quot;,&quot;size&quot;:&quot;&quot;,&quot;sizes&quot;:[]},&quot;row_gap_mobile&quot;:{&quot;unit&quot;:&quot;px&quot;,&quot;size&quot;:&quot;&quot;,&quot;sizes&quot;:[]}}\" data-widget_type=\"loop-grid.post\">\n\t\t\t\t<div class=\"elementor-widget-container\">\n\t\t\t\t\t\t\t<div class=\"e-loop-nothing-found-message\">\n\t\t<\/div>\n\t\t\t\t\t\t<\/div>\n\t\t\t\t<\/div>\n\t\t\t\t<div class=\"elementor-element elementor-element-1dac9a3a elementor-widget elementor-widget-text-editor\" data-id=\"1dac9a3a\" data-element_type=\"widget\" data-e-type=\"widget\" data-widget_type=\"text-editor.default\">\n\t\t\t\t\t\t\t\t\t<p>The offer is for informational purposes only, we do not guarantee its actuality. The current menu and prices are available in the restaurant.<\/p>\t\t\t\t\t\t\t\t<\/div>\n\t\t\t\t\t<\/div>\n\t\t\t\t<\/div>\n\t\t<div class=\"elementor-element elementor-element-35fb3468 e-flex e-con-boxed e-con e-parent\" data-id=\"35fb3468\" data-element_type=\"container\" data-e-type=\"container\">\n\t\t\t\t\t<div class=\"e-con-inner\">\n\t\t\t\t\t<\/div>\n\t\t\t\t<\/div>\n\t\t<div class=\"elementor-element elementor-element-7ac5c1bc e-flex e-con-boxed e-con e-parent\" data-id=\"7ac5c1bc\" data-element_type=\"container\" data-e-type=\"container\">\n\t\t\t\t\t<div class=\"e-con-inner\">\n\t\t\t\t<div class=\"elementor-element elementor-element-1957f9b6 elementor-widget elementor-widget-heading\" data-id=\"1957f9b6\" data-element_type=\"widget\" data-e-type=\"widget\" data-widget_type=\"heading.default\">\n\t\t\t\t\t<h2 class=\"elementor-heading-title elementor-size-default\">Do you want to book a lounge?<\/h2>\t\t\t\t<\/div>\n\t\t\t\t<div class=\"elementor-element elementor-element-132f369 elementor-widget elementor-widget-text-editor\" data-id=\"132f369\" data-element_type=\"widget\" data-e-type=\"widget\" data-widget_type=\"text-editor.default\">\n\t\t\t\t\t\t\t\t\t<p>Host your family celebration or corporate dinner in our restaurant lounge<\/p>\t\t\t\t\t\t\t\t<\/div>\n\t\t\t\t<div class=\"elementor-element elementor-element-60d09be7 elementor-align-center elementor-widget elementor-widget-button\" data-id=\"60d09be7\" data-element_type=\"widget\" data-e-type=\"widget\" data-widget_type=\"button.default\">\n\t\t\t\t\t\t\t\t\t\t<a class=\"elementor-button elementor-button-link elementor-size-sm elementor-animation-grow\" href=\"https:\/\/wellnesshotelzamecek.cz\/en\/contact\/\">\n\t\t\t\t\t\t<span class=\"elementor-button-content-wrapper\">\n\t\t\t\t\t\t\t\t\t<span class=\"elementor-button-text\">Book now<\/span>\n\t\t\t\t\t<\/span>\n\t\t\t\t\t<\/a>\n\t\t\t\t\t\t\t\t<\/div>\n\t\t\t\t\t<\/div>\n\t\t\t\t<\/div>\n\t\t\t\t<\/div>\n\t\t","protected":false},"excerpt":{"rendered":"<p>Restaurant Z\u00e1me\u010dek Delicious food made with local fresh ingredients Go to menu Our hotel restaurant is located in three interconnecting rooms on the ground floor of the main castle building, one of which serves as a lounge for evening gatherings or corporate events. The restaurant is complemented by a spacious outdoor terrace with a view [&hellip;]<\/p>\n","protected":false},"author":1,"featured_media":0,"parent":0,"menu_order":0,"comment_status":"closed","ping_status":"closed","template":"","meta":{"_acf_changed":false,"footnotes":""},"class_list":["post-2669","page","type-page","status-publish","hentry"],"acf":[],"yoast_head":"<!-- This site is optimized with the Yoast SEO plugin v27.2 - https:\/\/yoast.com\/product\/yoast-seo-wordpress\/ -->\n<title>Restaurant - Wellness Hotel Z\u00e1me\u010dek<\/title>\n<meta name=\"robots\" content=\"index, follow, max-snippet:-1, max-image-preview:large, max-video-preview:-1\" \/>\n<link rel=\"canonical\" href=\"https:\/\/wellnesshotelzamecek.cz\/en\/restaurant\/\" \/>\n<meta property=\"og:locale\" content=\"en_US\" \/>\n<meta property=\"og:type\" content=\"article\" \/>\n<meta property=\"og:title\" content=\"Restaurant - Wellness Hotel Z\u00e1me\u010dek\" \/>\n<meta property=\"og:description\" content=\"Restaurant Z\u00e1me\u010dek Delicious food made with local fresh ingredients Go to menu Our hotel restaurant is located in three interconnecting rooms on the ground floor of the main castle building, one of which serves as a lounge for evening gatherings or corporate events. The restaurant is complemented by a spacious outdoor terrace with a view [&hellip;]\" \/>\n<meta property=\"og:url\" content=\"https:\/\/wellnesshotelzamecek.cz\/en\/restaurant\/\" \/>\n<meta property=\"og:site_name\" content=\"Wellness Hotel Z\u00e1me\u010dek\" \/>\n<meta property=\"article:modified_time\" content=\"2025-03-24T16:14:07+00:00\" \/>\n<meta property=\"og:image\" content=\"https:\/\/wellnesshotelzamecek.cz\/wp-content\/uploads\/2025\/03\/ALA_9078-Edit-768x512.jpg\" \/>\n<meta name=\"twitter:card\" content=\"summary_large_image\" \/>\n<meta name=\"twitter:label1\" content=\"Est. reading time\" \/>\n\t<meta name=\"twitter:data1\" content=\"1 minute\" \/>\n<script type=\"application\/ld+json\" class=\"yoast-schema-graph\">{\"@context\":\"https:\/\/schema.org\",\"@graph\":[{\"@type\":\"WebPage\",\"@id\":\"https:\/\/wellnesshotelzamecek.cz\/en\/restaurant\/\",\"url\":\"https:\/\/wellnesshotelzamecek.cz\/en\/restaurant\/\",\"name\":\"Restaurant - Wellness Hotel Z\u00e1me\u010dek\",\"isPartOf\":{\"@id\":\"https:\/\/wellnesshotelzamecek.cz\/en\/#website\"},\"primaryImageOfPage\":{\"@id\":\"https:\/\/wellnesshotelzamecek.cz\/en\/restaurant\/#primaryimage\"},\"image\":{\"@id\":\"https:\/\/wellnesshotelzamecek.cz\/en\/restaurant\/#primaryimage\"},\"thumbnailUrl\":\"https:\/\/wellnesshotelzamecek.cz\/wp-content\/uploads\/2025\/03\/ALA_9078-Edit-768x512.jpg\",\"datePublished\":\"2020-03-17T20:14:19+00:00\",\"dateModified\":\"2025-03-24T16:14:07+00:00\",\"breadcrumb\":{\"@id\":\"https:\/\/wellnesshotelzamecek.cz\/en\/restaurant\/#breadcrumb\"},\"inLanguage\":\"en-US\",\"potentialAction\":[{\"@type\":\"ReadAction\",\"target\":[\"https:\/\/wellnesshotelzamecek.cz\/en\/restaurant\/\"]}]},{\"@type\":\"ImageObject\",\"inLanguage\":\"en-US\",\"@id\":\"https:\/\/wellnesshotelzamecek.cz\/en\/restaurant\/#primaryimage\",\"url\":\"https:\/\/wellnesshotelzamecek.cz\/wp-content\/uploads\/2025\/03\/ALA_9078-Edit-768x512.jpg\",\"contentUrl\":\"https:\/\/wellnesshotelzamecek.cz\/wp-content\/uploads\/2025\/03\/ALA_9078-Edit-768x512.jpg\"},{\"@type\":\"BreadcrumbList\",\"@id\":\"https:\/\/wellnesshotelzamecek.cz\/en\/restaurant\/#breadcrumb\",\"itemListElement\":[{\"@type\":\"ListItem\",\"position\":1,\"name\":\"Dom\u016f\",\"item\":\"https:\/\/wellnesshotelzamecek.cz\/en\/\"},{\"@type\":\"ListItem\",\"position\":2,\"name\":\"Restaurant\"}]},{\"@type\":\"WebSite\",\"@id\":\"https:\/\/wellnesshotelzamecek.cz\/en\/#website\",\"url\":\"https:\/\/wellnesshotelzamecek.cz\/en\/\",\"name\":\"Wellness Hotel Z\u00e1me\u010dek\",\"description\":\"wellness hotel v srdci \u010desko-sask\u00e9ho \u0161v\u00fdcarska\",\"publisher\":{\"@id\":\"https:\/\/wellnesshotelzamecek.cz\/en\/#organization\"},\"potentialAction\":[{\"@type\":\"SearchAction\",\"target\":{\"@type\":\"EntryPoint\",\"urlTemplate\":\"https:\/\/wellnesshotelzamecek.cz\/en\/?s={search_term_string}\"},\"query-input\":{\"@type\":\"PropertyValueSpecification\",\"valueRequired\":true,\"valueName\":\"search_term_string\"}}],\"inLanguage\":\"en-US\"},{\"@type\":\"Organization\",\"@id\":\"https:\/\/wellnesshotelzamecek.cz\/en\/#organization\",\"name\":\"Wellness Hotel Z\u00e1me\u010dek\",\"url\":\"https:\/\/wellnesshotelzamecek.cz\/en\/\",\"logo\":{\"@type\":\"ImageObject\",\"inLanguage\":\"en-US\",\"@id\":\"https:\/\/wellnesshotelzamecek.cz\/en\/#\/schema\/logo\/image\/\",\"url\":\"https:\/\/wellnesshotelzamecek.cz\/wp-content\/uploads\/2020\/12\/logo-zamecek-maskovano.png\",\"contentUrl\":\"https:\/\/wellnesshotelzamecek.cz\/wp-content\/uploads\/2020\/12\/logo-zamecek-maskovano.png\",\"width\":300,\"height\":256,\"caption\":\"Wellness Hotel Z\u00e1me\u010dek\"},\"image\":{\"@id\":\"https:\/\/wellnesshotelzamecek.cz\/en\/#\/schema\/logo\/image\/\"}}]}<\/script>\n<!-- \/ Yoast SEO plugin. -->","yoast_head_json":{"title":"Restaurant - Wellness Hotel Z\u00e1me\u010dek","robots":{"index":"index","follow":"follow","max-snippet":"max-snippet:-1","max-image-preview":"max-image-preview:large","max-video-preview":"max-video-preview:-1"},"canonical":"https:\/\/wellnesshotelzamecek.cz\/en\/restaurant\/","og_locale":"en_US","og_type":"article","og_title":"Restaurant - Wellness Hotel Z\u00e1me\u010dek","og_description":"Restaurant Z\u00e1me\u010dek Delicious food made with local fresh ingredients Go to menu Our hotel restaurant is located in three interconnecting rooms on the ground floor of the main castle building, one of which serves as a lounge for evening gatherings or corporate events. The restaurant is complemented by a spacious outdoor terrace with a view [&hellip;]","og_url":"https:\/\/wellnesshotelzamecek.cz\/en\/restaurant\/","og_site_name":"Wellness Hotel Z\u00e1me\u010dek","article_modified_time":"2025-03-24T16:14:07+00:00","og_image":[{"url":"https:\/\/wellnesshotelzamecek.cz\/wp-content\/uploads\/2025\/03\/ALA_9078-Edit-768x512.jpg","type":"","width":"","height":""}],"twitter_card":"summary_large_image","twitter_misc":{"Est. reading time":"1 minute"},"schema":{"@context":"https:\/\/schema.org","@graph":[{"@type":"WebPage","@id":"https:\/\/wellnesshotelzamecek.cz\/en\/restaurant\/","url":"https:\/\/wellnesshotelzamecek.cz\/en\/restaurant\/","name":"Restaurant - Wellness Hotel Z\u00e1me\u010dek","isPartOf":{"@id":"https:\/\/wellnesshotelzamecek.cz\/en\/#website"},"primaryImageOfPage":{"@id":"https:\/\/wellnesshotelzamecek.cz\/en\/restaurant\/#primaryimage"},"image":{"@id":"https:\/\/wellnesshotelzamecek.cz\/en\/restaurant\/#primaryimage"},"thumbnailUrl":"https:\/\/wellnesshotelzamecek.cz\/wp-content\/uploads\/2025\/03\/ALA_9078-Edit-768x512.jpg","datePublished":"2020-03-17T20:14:19+00:00","dateModified":"2025-03-24T16:14:07+00:00","breadcrumb":{"@id":"https:\/\/wellnesshotelzamecek.cz\/en\/restaurant\/#breadcrumb"},"inLanguage":"en-US","potentialAction":[{"@type":"ReadAction","target":["https:\/\/wellnesshotelzamecek.cz\/en\/restaurant\/"]}]},{"@type":"ImageObject","inLanguage":"en-US","@id":"https:\/\/wellnesshotelzamecek.cz\/en\/restaurant\/#primaryimage","url":"https:\/\/wellnesshotelzamecek.cz\/wp-content\/uploads\/2025\/03\/ALA_9078-Edit-768x512.jpg","contentUrl":"https:\/\/wellnesshotelzamecek.cz\/wp-content\/uploads\/2025\/03\/ALA_9078-Edit-768x512.jpg"},{"@type":"BreadcrumbList","@id":"https:\/\/wellnesshotelzamecek.cz\/en\/restaurant\/#breadcrumb","itemListElement":[{"@type":"ListItem","position":1,"name":"Dom\u016f","item":"https:\/\/wellnesshotelzamecek.cz\/en\/"},{"@type":"ListItem","position":2,"name":"Restaurant"}]},{"@type":"WebSite","@id":"https:\/\/wellnesshotelzamecek.cz\/en\/#website","url":"https:\/\/wellnesshotelzamecek.cz\/en\/","name":"Wellness Hotel Z\u00e1me\u010dek","description":"wellness hotel v srdci \u010desko-sask\u00e9ho \u0161v\u00fdcarska","publisher":{"@id":"https:\/\/wellnesshotelzamecek.cz\/en\/#organization"},"potentialAction":[{"@type":"SearchAction","target":{"@type":"EntryPoint","urlTemplate":"https:\/\/wellnesshotelzamecek.cz\/en\/?s={search_term_string}"},"query-input":{"@type":"PropertyValueSpecification","valueRequired":true,"valueName":"search_term_string"}}],"inLanguage":"en-US"},{"@type":"Organization","@id":"https:\/\/wellnesshotelzamecek.cz\/en\/#organization","name":"Wellness Hotel Z\u00e1me\u010dek","url":"https:\/\/wellnesshotelzamecek.cz\/en\/","logo":{"@type":"ImageObject","inLanguage":"en-US","@id":"https:\/\/wellnesshotelzamecek.cz\/en\/#\/schema\/logo\/image\/","url":"https:\/\/wellnesshotelzamecek.cz\/wp-content\/uploads\/2020\/12\/logo-zamecek-maskovano.png","contentUrl":"https:\/\/wellnesshotelzamecek.cz\/wp-content\/uploads\/2020\/12\/logo-zamecek-maskovano.png","width":300,"height":256,"caption":"Wellness Hotel Z\u00e1me\u010dek"},"image":{"@id":"https:\/\/wellnesshotelzamecek.cz\/en\/#\/schema\/logo\/image\/"}}]}},"_links":{"self":[{"href":"https:\/\/wellnesshotelzamecek.cz\/en\/wp-json\/wp\/v2\/pages\/2669","targetHints":{"allow":["GET"]}}],"collection":[{"href":"https:\/\/wellnesshotelzamecek.cz\/en\/wp-json\/wp\/v2\/pages"}],"about":[{"href":"https:\/\/wellnesshotelzamecek.cz\/en\/wp-json\/wp\/v2\/types\/page"}],"author":[{"embeddable":true,"href":"https:\/\/wellnesshotelzamecek.cz\/en\/wp-json\/wp\/v2\/users\/1"}],"replies":[{"embeddable":true,"href":"https:\/\/wellnesshotelzamecek.cz\/en\/wp-json\/wp\/v2\/comments?post=2669"}],"version-history":[{"count":0,"href":"https:\/\/wellnesshotelzamecek.cz\/en\/wp-json\/wp\/v2\/pages\/2669\/revisions"}],"wp:attachment":[{"href":"https:\/\/wellnesshotelzamecek.cz\/en\/wp-json\/wp\/v2\/media?parent=2669"}],"curies":[{"name":"wp","href":"https:\/\/api.w.org\/{rel}","templated":true}]}}